{"id":100,"date":"2018-03-02T16:48:33","date_gmt":"2018-03-02T16:48:33","guid":{"rendered":"http:\/\/www.improveinternational.com\/ambassador\/?page_id=100"},"modified":"2022-11-08T21:41:42","modified_gmt":"2022-11-08T21:41:42","slug":"sobre_nos","status":"publish","type":"page","link":"https:\/\/www.improveinternational.com\/ambassador\/sobre_nos\/","title":{"rendered":"Sobre N\u00f3s"},"content":{"rendered":"<div id=\"pl-100\"  class=\"panel-layout\" ><div id=\"pg-100-0\"  class=\"panel-grid panel-has-style\" ><div style=\"padding: 0px 0; \" data-overlay=\"true\" data-overlay-color=\"#000000\" class=\"panel-row-style panel-row-style-for-100-0\" ><div id=\"pgc-100-0-0\"  class=\"panel-grid-cell\" ><div id=\"panel-100-0-0-0\" class=\"so-panel widget widget_text panel-first-child panel-last-child\" data-index=\"0\" ><div style=\"text-align: left;\" data-title-color=\"#443f3f\" data-headings-color=\"#443f3f\" class=\"panel-widget-style panel-widget-style-for-100-0-0-0\" >\t\t\t<div class=\"textwidget\">\n\t\t<!-- MasterSlider -->\n\t\t<div id=\"P_MS69efab03ad023\" class=\"master-slider-parent msl slider_big  ms-parent-id-2\" style=\"\">\n\n\t\t\t\n\t\t\t<!-- MasterSlider Main -->\n\t\t\t<div id=\"MS69efab03ad023\" class=\"master-slider ms-skin-light-6 round-skin\" >\n\t\t\t\t \t\t\t\t \n\t\t\t\t<div  class=\"ms-slide\" data-delay=\"3\" data-fill-mode=\"fill\"  >\n\t\t\t\t\t<img decoding=\"async\" src=\"https:\/\/www.improveinternational.com\/ambassador\/wp-content\/plugins\/master-slider\/public\/assets\/css\/blank.gif\" alt=\"\" title=\"\" data-src=\"https:\/\/www.improveinternational.com\/ambassador\/wp-content\/uploads\/2018\/03\/banner_sobre_nos_final.png\" \/>\n\n\n\t<div class=\"ms-thumb\" ><div class=\"ms-tab-context\"><div class=&quot;ms-tab-context&quot;><\/div><\/div>\n<\/div>\n\t\t\t\t<\/div>\n\n\t\t\t<\/div>\n\t\t\t<!-- END MasterSlider Main -->\n\n\t\t\t \n\t\t<\/div>\n\t\t<!-- END MasterSlider -->\n\n\t\t<script>\n\t\t(function ( $ ) {\n\t\t\t\"use strict\";\n\n\t\t\t$(function () {\n\t\t\t\tvar masterslider_d023 = new MasterSlider();\n\n\t\t\t\t\/\/ slider controls\n\n\t\t\t\t\/\/ slider setup\n\t\t\t\tmasterslider_d023.setup(\"MS69efab03ad023\", {\n\t\t\t\t\t\twidth           : 800,\n\t\t\t\t\t\theight          : 350,\n\t\t\t\t\t\tminHeight       : 450,\n\t\t\t\t\t\tspace           : 0,\n\t\t\t\t\t\tstart           : 1,\n\t\t\t\t\t\tgrabCursor      : false,\n\t\t\t\t\t\tswipe           : false,\n\t\t\t\t\t\tmouse           : false,\n\t\t\t\t\t\tlayout          : \"fullwidth\",\n\t\t\t\t\t\twheel           : false,\n\t\t\t\t\t\tautoplay        : false,\n\t\t\t\t\t\tinstantStartLayers:false,\n\t\t\t\t\t\tloop            : false,\n\t\t\t\t\t\tshuffle         : false,\n\t\t\t\t\t\tpreload         : 0,\n\t\t\t\t\t\theightLimit     : true,\n\t\t\t\t\t\tautoHeight      : false,\n\t\t\t\t\t\tsmoothHeight    : true,\n\t\t\t\t\t\tendPause        : false,\n\t\t\t\t\t\toverPause       : true,\n\t\t\t\t\t\tfillMode        : \"fill\",\n\t\t\t\t\t\tcenterControls  : false,\n\t\t\t\t\t\tstartOnAppear   : false,\n\t\t\t\t\t\tlayersMode      : \"center\",\n\t\t\t\t\t\thideLayers      : false,\n\t\t\t\t\t\tfullscreenMargin: 0,\n\t\t\t\t\t\tspeed           : 20,\n\t\t\t\t\t\tdir             : \"h\",\n\t\t\t\t\t\tparallaxMode    : 'swipe',\n\t\t\t\t\t\tview            : \"basic\"\n\t\t\t\t});\n\n\t\t\t\t\n\t\t\t\twindow.masterslider_instances = window.masterslider_instances || [];\n\t\t\t\twindow.masterslider_instances.push( masterslider_d023 );\n\t\t\t });\n\n\t\t})(jQuery);\n\t\t<\/script>\n\n\n<\/div>\n\t\t<\/div><\/div><\/div><\/div><\/div><div id=\"pg-100-1\"  class=\"panel-grid panel-has-style\" ><div style=\"padding: 0px 0; \" data-overlay=\"true\" data-overlay-color=\"#000000\" class=\"panel-row-style panel-row-style-for-100-1\" ><div id=\"pgc-100-1-0\"  class=\"panel-grid-cell\" ><div id=\"panel-100-1-0-0\" class=\"so-panel widget widget_sow-editor panel-first-child panel-last-child\" data-index=\"1\" ><div style=\"text-align: center;\" data-title-color=\"#443f3f\" data-headings-color=\"#443f3f\" class=\"panel-widget-style panel-widget-style-for-100-1-0-0\" ><div\n\t\t\t\n\t\t\tclass=\"so-widget-sow-editor so-widget-sow-editor-base\"\n\t\t\t\n\t\t>\n<div class=\"siteorigin-widget-tinymce textwidget\">\n\t<p class=\"top_p title\" style=\"font-family: 'Source Sans Pro Semibold', sans-serif; font-size: 15pt; padding: 70px 300px 0px 300px; letter-spacing: 2px; line-height: 30px; margin-bottom: 0px;\">Mas o que \u00e9 o Improve Ambassador?<\/p>\n<p>&nbsp;<\/p>\n<p class=\"middle_p\" style=\"font-family: 'Source Sans Pro Semibold', sans-serif; font-size: 15pt; padding: 0px 300px 10px 300px; letter-spacing: 3px; line-height: 30px; margin-bottom: 0px;\">O Improve Ambassador \u00e9 o programa criado em Portugal em 2014 pela Improve Veterinary Education para promover a intera\u00e7\u00e3o da marca com os estudantes universit\u00e1rios de medicina veterin\u00e1ria. O objetivo fundamental desta a\u00e7\u00e3o \u00e9 permitir que os alunos conhe\u00e7am outras realidades dentro da forma\u00e7\u00e3o veterin\u00e1ria e que tenham uma oportunidade privilegiada de contactar com o meio profissional. Pretende-se tamb\u00e9m possibilitar a troca de experi\u00eancias entre alunos e profissionais estabelecidos.<\/p>\n<p style=\"height: 0px;\">\n<p class=\"middle_p title\" style=\"font-family: 'Source Sans Pro Semibold', sans-serif; font-size: 15pt; padding: 30px 300px 0px 300px; letter-spacing: 2px; line-height: 30px; margin-bottom: 0px;\"><strong>O que \u00e9 preciso para ser um embaixador da Improve Veterinary Education?<\/strong><\/p>\n<p>&nbsp;<\/p>\n<p class=\"bottom_p\" style=\"font-family: 'Source Sans Pro Semibold', sans-serif; font-size: 15pt; padding: 0px 300px 70px 300px; margin-bottom: 0px !important; letter-spacing: 2px; line-height: 30px;\">Para garantires que consegues uma vaga nesta nova edi\u00e7\u00e3o apenas queremos que sejas um Cristiano Ronaldo da medicina veterin\u00e1ria\u2026. Mas com mais amigos do que Mark Zuckerberg quando criou o Facebook.<\/p>\n<\/div>\n<\/div><\/div><\/div><\/div><\/div><\/div><div id=\"pg-100-2\"  class=\"panel-grid panel-has-style\" ><div style=\"padding: 0px 0; \" data-overlay=\"true\" data-overlay-color=\"#000000\" class=\"panel-row-style panel-row-style-for-100-2\" ><div id=\"pgc-100-2-0\"  class=\"panel-grid-cell\" ><div id=\"panel-100-2-0-0\" class=\"so-panel widget widget_sow-editor panel-first-child panel-last-child\" data-index=\"2\" ><div style=\"text-align: center;\" data-title-color=\"#443f3f\" data-headings-color=\"#443f3f\" class=\"panel-widget-style panel-widget-style-for-100-2-0-0\" ><div\n\t\t\t\n\t\t\tclass=\"so-widget-sow-editor so-widget-sow-editor-base\"\n\t\t\t\n\t\t>\n<div class=\"siteorigin-widget-tinymce textwidget\">\n\t<p class=\"top_p title\" style=\"font-family: 'Source Sans Pro Semibold', sans-serif; font-size: 15pt; padding: 70px 300px 0px 300px; letter-spacing: 2px; line-height: 30px; margin-bottom: 0px;\">E lembra-te\u2026<\/p>\n<p>&nbsp;<\/p>\n<p class=\"middle_p\" style=\"font-family: 'Source Sans Pro Semibold', sans-serif; font-size: 15pt; padding: 0px 300px 10px 300px; letter-spacing: 2px; line-height: 30px; margin-bottom: 0px;\">A Improve Veterinary Education \u00e9 uma porta de entrada no mercado de trabalho. Esta \u00e9 a oportunidade de dares uso e melhorares as ferramentas de comunica\u00e7\u00e3o que te podem ser fundamentais no futuro. \u00c9 tamb\u00e9m uma ocasi\u00e3o para te divertires e para ficares ainda mais conhecido na tua universidade.<\/p>\n<p class=\"middle_p2\" style=\"font-family: 'Source Sans Pro Semibold', sans-serif; font-size: 15pt; padding: 50px 300px 30px 300px; letter-spacing: 2px; line-height: 30px; margin-bottom: 0px;\">Para ficares a conhecer todo o \u00e2mbito do projeto e as nossas condi\u00e7\u00f5es consulta aqui o Estatuto 2019\/2020<\/p>\n<p class=\"bottom_p\" style=\"font-family: 'Source Sans Pro Semibold', sans-serif; font-size: 15pt; padding: 10px 300px 70px 300px; margin-bottom: 0px !important; letter-spacing: 2px; line-height: 30px;\"><a href=\"https:\/\/www.improveinternational.com\/ambassador\/wp-content\/uploads\/2022\/02\/Estatuto_Ambassador_2022_2023.pdf\" target=\"_blank\" rel=\"noopener\"><button class=\"button_cand_test\" type=\"button\">ESTATUTO AMBASSADOR<\/button><\/a><\/p>\n<\/div>\n<\/div><\/div><\/div><\/div><\/div><\/div><\/div>","protected":false},"excerpt":{"rendered":"<p>Mas o que \u00e9 o Improve Ambassador? &nbsp; O Improve Ambassador \u00e9 o programa criado em Portugal em 2014 pela Improve Veterinary Education para promover a intera\u00e7\u00e3o da marca com os estudantes universit\u00e1rios de medicina veterin\u00e1ria. O objetivo fundamental desta a\u00e7\u00e3o \u00e9 permitir que os alunos conhe\u00e7am outras realidades dentro da forma\u00e7\u00e3o veterin\u00e1ria e que [&hellip;]<\/p>\n","protected":false},"author":1,"featured_media":0,"parent":0,"menu_order":0,"comment_status":"closed","ping_status":"closed","template":"","meta":{"_monsterinsights_skip_tracking":false,"_monsterinsights_sitenote_active":false,"_monsterinsights_sitenote_note":"","_monsterinsights_sitenote_category":0,"footnotes":""},"_links":{"self":[{"href":"https:\/\/www.improveinternational.com\/ambassador\/wp-json\/wp\/v2\/pages\/100"}],"collection":[{"href":"https:\/\/www.improveinternational.com\/ambassador\/wp-json\/wp\/v2\/pages"}],"about":[{"href":"https:\/\/www.improveinternational.com\/ambassador\/wp-json\/wp\/v2\/types\/page"}],"author":[{"embeddable":true,"href":"https:\/\/www.improveinternational.com\/ambassador\/wp-json\/wp\/v2\/users\/1"}],"replies":[{"embeddable":true,"href":"https:\/\/www.improveinternational.com\/ambassador\/wp-json\/wp\/v2\/comments?post=100"}],"version-history":[{"count":141,"href":"https:\/\/www.improveinternational.com\/ambassador\/wp-json\/wp\/v2\/pages\/100\/revisions"}],"predecessor-version":[{"id":5887,"href":"https:\/\/www.improveinternational.com\/ambassador\/wp-json\/wp\/v2\/pages\/100\/revisions\/5887"}],"wp:attachment":[{"href":"https:\/\/www.improveinternational.com\/ambassador\/wp-json\/wp\/v2\/media?parent=100"}],"curies":[{"name":"wp","href":"https:\/\/api.w.org\/{rel}","templated":true}]}}