{"id":94,"date":"2018-03-02T16:46:31","date_gmt":"2018-03-02T16:46:31","guid":{"rendered":"http:\/\/www.improveinternational.com\/ambassador\/?page_id=94"},"modified":"2022-11-08T21:37:41","modified_gmt":"2022-11-08T21:37:41","slug":"improve","status":"publish","type":"page","link":"https:\/\/www.improveinternational.com\/ambassador\/improve\/","title":{"rendered":"Improve"},"content":{"rendered":"<div id=\"pl-94\"  class=\"panel-layout\" ><div id=\"pg-94-0\"  class=\"panel-grid panel-has-style\" ><div style=\"padding: 0px 0; \" data-overlay=\"true\" data-overlay-color=\"#000000\" class=\"panel-row-style panel-row-style-for-94-0\" ><div id=\"pgc-94-0-0\"  class=\"panel-grid-cell\" ><div id=\"panel-94-0-0-0\" class=\"so-panel widget widget_text panel-first-child panel-last-child\" data-index=\"0\" ><div style=\"text-align: left;\" data-title-color=\"#443f3f\" data-headings-color=\"#443f3f\" class=\"panel-widget-style panel-widget-style-for-94-0-0-0\" >\t\t\t<div class=\"textwidget\">\n\t\t<!-- MasterSlider -->\n\t\t<div id=\"P_MS69efab0361491\" class=\"master-slider-parent msl slider_big  ms-parent-id-3\" style=\"\">\n\n\t\t\t\n\t\t\t<!-- MasterSlider Main -->\n\t\t\t<div id=\"MS69efab0361491\" class=\"master-slider ms-skin-light-6 round-skin\" >\n\t\t\t\t \t\t\t\t \n\t\t\t\t<div  class=\"ms-slide\" data-delay=\"3\" data-fill-mode=\"fill\"  >\n\t\t\t\t\t<img decoding=\"async\" src=\"https:\/\/www.improveinternational.com\/ambassador\/wp-content\/plugins\/master-slider\/public\/assets\/css\/blank.gif\" alt=\"\" title=\"\" data-src=\"https:\/\/www.improveinternational.com\/ambassador\/wp-content\/uploads\/2018\/03\/banner_improve_final.png\" \/>\n\n\n\t<div class=\"ms-thumb\" ><div class=\"ms-tab-context\"><div class=&quot;ms-tab-context&quot;><\/div><\/div>\n<\/div>\n\t\t\t\t<\/div>\n\n\t\t\t<\/div>\n\t\t\t<!-- END MasterSlider Main -->\n\n\t\t\t \n\t\t<\/div>\n\t\t<!-- END MasterSlider -->\n\n\t\t<script>\n\t\t(function ( $ ) {\n\t\t\t\"use strict\";\n\n\t\t\t$(function () {\n\t\t\t\tvar masterslider_1491 = new MasterSlider();\n\n\t\t\t\t\/\/ slider controls\n\n\t\t\t\t\/\/ slider setup\n\t\t\t\tmasterslider_1491.setup(\"MS69efab0361491\", {\n\t\t\t\t\t\twidth           : 800,\n\t\t\t\t\t\theight          : 350,\n\t\t\t\t\t\tminHeight       : 450,\n\t\t\t\t\t\tspace           : 0,\n\t\t\t\t\t\tstart           : 1,\n\t\t\t\t\t\tgrabCursor      : false,\n\t\t\t\t\t\tswipe           : false,\n\t\t\t\t\t\tmouse           : false,\n\t\t\t\t\t\tlayout          : \"fullwidth\",\n\t\t\t\t\t\twheel           : false,\n\t\t\t\t\t\tautoplay        : false,\n\t\t\t\t\t\tinstantStartLayers:false,\n\t\t\t\t\t\tloop            : false,\n\t\t\t\t\t\tshuffle         : false,\n\t\t\t\t\t\tpreload         : 0,\n\t\t\t\t\t\theightLimit     : true,\n\t\t\t\t\t\tautoHeight      : false,\n\t\t\t\t\t\tsmoothHeight    : true,\n\t\t\t\t\t\tendPause        : false,\n\t\t\t\t\t\toverPause       : true,\n\t\t\t\t\t\tfillMode        : \"fill\",\n\t\t\t\t\t\tcenterControls  : false,\n\t\t\t\t\t\tstartOnAppear   : false,\n\t\t\t\t\t\tlayersMode      : \"center\",\n\t\t\t\t\t\thideLayers      : false,\n\t\t\t\t\t\tfullscreenMargin: 0,\n\t\t\t\t\t\tspeed           : 20,\n\t\t\t\t\t\tdir             : \"h\",\n\t\t\t\t\t\tparallaxMode    : 'swipe',\n\t\t\t\t\t\tview            : \"basic\"\n\t\t\t\t});\n\n\t\t\t\t\n\t\t\t\twindow.masterslider_instances = window.masterslider_instances || [];\n\t\t\t\twindow.masterslider_instances.push( masterslider_1491 );\n\t\t\t });\n\n\t\t})(jQuery);\n\t\t<\/script>\n\n\n<\/div>\n\t\t<\/div><\/div><\/div><\/div><\/div><div id=\"pg-94-1\"  class=\"panel-grid panel-has-style\" ><div style=\"padding: 0px 0; \" data-overlay=\"true\" data-overlay-color=\"#000000\" class=\"panel-row-style panel-row-style-for-94-1\" ><div id=\"pgc-94-1-0\"  class=\"panel-grid-cell\" ><div id=\"panel-94-1-0-0\" class=\"so-panel widget widget_text panel-first-child panel-last-child\" data-index=\"1\" ><div style=\"text-align: center;\" data-title-color=\"#443f3f\" data-headings-color=\"#443f3f\" class=\"panel-widget-style panel-widget-style-for-94-1-0-0\" >\t\t\t<div class=\"textwidget\"><p class=\"top_p\" style=\"font-family: 'Source Sans Pro Semibold', sans-serif; font-size: 15pt; padding: 70px 300px 0px 300px; letter-spacing: 2px; line-height: 30px; margin-bottom: 0px;\">A Improve Veterinary Education \u00e9 a principal empresa mundial de forma\u00e7\u00e3o p\u00f3s graduada na \u00e1rea de medicina veterin\u00e1ria. A marca foi criada em 1998, no Reino Unido, por um grupo de veterin\u00e1rios interessados em apostar na \u00e1rea da forma\u00e7\u00e3o t\u00e9cnica. Atualmente a celebrar o seu 20\u00ba anivers\u00e1rio, a Improve Veterinary Education orgulha-se de estar presente em 20 pa\u00edses e de j\u00e1 ter dado forma\u00e7\u00e3o a mais de 20 mil m\u00e9dicos veterin\u00e1rios.<\/p>\n<p>&nbsp;<\/p>\n<p class=\"bottom_p\" style=\"font-family: 'Source Sans Pro Semibold', sans-serif; font-size: 15pt; padding: 0px 300px 70px 300px; letter-spacing: 2px; line-height: 30px; margin-bottom: 0px !important;\">Com uma oferta formativa variada, a Improve Veterinary Education aposta sempre na forma\u00e7\u00e3o mais vanguardista e feita de veterin\u00e1rios para veterin\u00e1rios, com base numa abordagem iminentemente pr\u00e1tica.<\/p>\n<\/div>\n\t\t<\/div><\/div><\/div><\/div><\/div><div id=\"pg-94-2\"  class=\"panel-grid panel-has-style\" ><div style=\"padding: 0px 0; \" data-overlay=\"true\" data-overlay-color=\"#000000\" class=\"panel-row-style panel-row-style-for-94-2\" ><div id=\"pgc-94-2-0\"  class=\"panel-grid-cell\" ><div id=\"panel-94-2-0-0\" class=\"so-panel widget widget_text panel-first-child panel-last-child\" data-index=\"2\" ><div style=\"text-align: center;\" data-title-color=\"#443f3f\" data-headings-color=\"#443f3f\" class=\"panel-widget-style panel-widget-style-for-94-2-0-0\" >\t\t\t<div class=\"textwidget\"><p style=\"margin-bottom: 0px;\"><img decoding=\"async\" class=\"esvps_logo\" style=\"height: 150px;\" src=\"https:\/\/www.improveinternational.com\/ambassador\/wp-content\/uploads\/2021\/01\/ISVPS_logo_ambassador_web-03.png\" alt=\"ISVPS\" \/><\/p>\n<\/div>\n\t\t<\/div><\/div><\/div><\/div><\/div><div id=\"pg-94-3\"  class=\"panel-grid panel-has-style\" ><div style=\"padding: 0px 0; \" data-overlay=\"true\" data-overlay-color=\"#000000\" class=\"panel-row-style panel-row-style-for-94-3\" ><div id=\"pgc-94-3-0\"  class=\"panel-grid-cell\" ><div id=\"panel-94-3-0-0\" class=\"so-panel widget widget_sow-editor panel-first-child panel-last-child\" data-index=\"3\" ><div style=\"text-align: center;\" data-title-color=\"#443f3f\" data-headings-color=\"#443f3f\" class=\"panel-widget-style panel-widget-style-for-94-3-0-0\" ><div\n\t\t\t\n\t\t\tclass=\"so-widget-sow-editor so-widget-sow-editor-base\"\n\t\t\t\n\t\t>\n<div class=\"siteorigin-widget-tinymce textwidget\">\n\t<p class=\"top_p title\" style=\"font-family: 'Source Sans Pro Semibold', sans-serif; font-size: 15pt; padding: 70px 300px 0px 300px; letter-spacing: 2px; line-height: 30px; margin-bottom: 0px;\"><strong>Certifica\u00e7\u00e3o como garantia de qualidade<\/strong><\/p>\n<p>&nbsp;<\/p>\n<p class=\"middle_p\" style=\"font-family: 'Source Sans Pro Semibold', sans-serif; font-size: 15pt; padding: 0px 300px 0px 300px; letter-spacing: 2px; line-height: 30px; color: #415364; margin-bottom: 0px;\">A oferta formativa p\u00f3s-graduada da Improve Veterinary Education \u00e9 acreditada pela ISVPS (International School of Veterinary Postgraduate Studies). A ISVPS \u00e9 o organismo de acredita\u00e7\u00e3o e adjudica\u00e7\u00e3o do exame General Practitioner Certificate. (GPCert). Fundada em 2003, a ISVPS \u00e9 respons\u00e1vel por monitorizar os cursos que d\u00e3o acesso ao GPCert e certifica-se que os conte\u00fados dos mesmos s\u00e3o adequados e de que o processo de avalia\u00e7\u00e3o segue os crit\u00e9rios adequados para obten\u00e7\u00e3o deste certificado. Os resultados excelentes dos alunos dos cursos de forma\u00e7\u00e3o p\u00f3s-graduada da Improve International no GPCert s\u00e3o uma das vantagens principais de escolher a nossa oferta formativa.<\/p>\n<p>&nbsp;<\/p>\n<p class=\"bottom_p\" style=\"font-family: 'Source Sans Pro Semibold', sans-serif; font-size: 15pt; padding: 0px 300px 70px 300px; letter-spacing: 2px; line-height: 30px; ; color: #415364; margin-bottom: 0px !important;\">Para al\u00e9m desta acredita\u00e7\u00e3o internacional, a nossa forma\u00e7\u00e3o \u00e9 acreditada em Portugal pela Dire\u00e7\u00e3o de Servi\u00e7os de Qualidade e Acredita\u00e7\u00e3o, organismo governamental que garante a qualidade e adequa\u00e7\u00e3o dos recursos humanos e dos meios e conte\u00fados utilizados na forma\u00e7\u00e3o.<\/p>\n<\/div>\n<\/div><\/div><\/div><\/div><\/div><\/div><div id=\"pg-94-4\"  class=\"panel-grid panel-has-style\" ><div style=\"padding: 0px 0; \" data-overlay=\"true\" data-overlay-color=\"#000000\" class=\"panel-row-style panel-row-style-for-94-4\" ><div id=\"pgc-94-4-0\"  class=\"panel-grid-cell\" ><div id=\"panel-94-4-0-0\" class=\"so-panel widget widget_text panel-first-child panel-last-child\" data-index=\"4\" ><div style=\"text-align: left;\" data-title-color=\"#443f3f\" data-headings-color=\"#443f3f\" class=\"panel-widget-style panel-widget-style-for-94-4-0-0\" >\t\t\t<div class=\"textwidget\">\n\t\t<!-- MasterSlider -->\n\t\t<div id=\"P_MS69efab0362263\" class=\"master-slider-parent msl slider_small  ms-parent-id-5\" style=\"\">\n\n\t\t\t\n\t\t\t<!-- MasterSlider Main -->\n\t\t\t<div id=\"MS69efab0362263\" class=\"master-slider ms-skin-light-6 round-skin\" >\n\t\t\t\t \t\t\t\t \n\t\t\t\t<div  class=\"ms-slide\" data-delay=\"3\" data-fill-mode=\"fill\"  >\n\t\t\t\t\t<img decoding=\"async\" src=\"https:\/\/www.improveinternational.com\/ambassador\/wp-content\/plugins\/master-slider\/public\/assets\/css\/blank.gif\" alt=\"\" title=\"\" data-src=\"https:\/\/www.improveinternational.com\/ambassador\/wp-content\/uploads\/2018\/03\/separador_improve_final.png\" \/>\n\n\n\t<div class=\"ms-thumb\" ><div class=\"ms-tab-context\"><div class=&quot;ms-tab-context&quot;><\/div><\/div>\n<\/div>\n\t\t\t\t<\/div>\n\n\t\t\t<\/div>\n\t\t\t<!-- END MasterSlider Main -->\n\n\t\t\t \n\t\t<\/div>\n\t\t<!-- END MasterSlider -->\n\n\t\t<script>\n\t\t(function ( $ ) {\n\t\t\t\"use strict\";\n\n\t\t\t$(function () {\n\t\t\t\tvar masterslider_2263 = new MasterSlider();\n\n\t\t\t\t\/\/ slider controls\n\n\t\t\t\t\/\/ slider setup\n\t\t\t\tmasterslider_2263.setup(\"MS69efab0362263\", {\n\t\t\t\t\t\twidth           : 800,\n\t\t\t\t\t\theight          : 150,\n\t\t\t\t\t\tminHeight       : 350,\n\t\t\t\t\t\tspace           : 0,\n\t\t\t\t\t\tstart           : 1,\n\t\t\t\t\t\tgrabCursor      : false,\n\t\t\t\t\t\tswipe           : false,\n\t\t\t\t\t\tmouse           : false,\n\t\t\t\t\t\tlayout          : \"fullwidth\",\n\t\t\t\t\t\twheel           : false,\n\t\t\t\t\t\tautoplay        : false,\n\t\t\t\t\t\tinstantStartLayers:false,\n\t\t\t\t\t\tloop            : false,\n\t\t\t\t\t\tshuffle         : false,\n\t\t\t\t\t\tpreload         : 0,\n\t\t\t\t\t\theightLimit     : true,\n\t\t\t\t\t\tautoHeight      : false,\n\t\t\t\t\t\tsmoothHeight    : true,\n\t\t\t\t\t\tendPause        : false,\n\t\t\t\t\t\toverPause       : true,\n\t\t\t\t\t\tfillMode        : \"fill\",\n\t\t\t\t\t\tcenterControls  : false,\n\t\t\t\t\t\tstartOnAppear   : false,\n\t\t\t\t\t\tlayersMode      : \"center\",\n\t\t\t\t\t\thideLayers      : false,\n\t\t\t\t\t\tfullscreenMargin: 0,\n\t\t\t\t\t\tspeed           : 20,\n\t\t\t\t\t\tdir             : \"h\",\n\t\t\t\t\t\tparallaxMode    : 'swipe',\n\t\t\t\t\t\tview            : \"basic\"\n\t\t\t\t});\n\n\t\t\t\t\n\t\t\t\twindow.masterslider_instances = window.masterslider_instances || [];\n\t\t\t\twindow.masterslider_instances.push( masterslider_2263 );\n\t\t\t });\n\n\t\t})(jQuery);\n\t\t<\/script>\n\n\n<\/div>\n\t\t<\/div><\/div><\/div><\/div><\/div><div id=\"pg-94-5\"  class=\"panel-grid panel-has-style\" ><div style=\"padding: 0px 0; \" data-overlay=\"true\" data-overlay-color=\"#000000\" class=\"panel-row-style panel-row-style-for-94-5\" ><div id=\"pgc-94-5-0\"  class=\"panel-grid-cell\" ><div id=\"panel-94-5-0-0\" class=\"so-panel widget widget_text panel-first-child panel-last-child\" data-index=\"5\" ><div style=\"text-align: center;\" data-title-color=\"#443f3f\" data-headings-color=\"#443f3f\" class=\"panel-widget-style panel-widget-style-for-94-5-0-0\" >\t\t\t<div class=\"textwidget\"><p class=\"top_p title\" style=\"font-family: 'Source Sans Pro Semibold', sans-serif; font-size: 15pt; padding: 70px 300px 0px 300px; letter-spacing: 2px; line-height: 30px; margin-bottom: 0px;\">Oferta formativa<\/p>\n<p>&nbsp;<\/p>\n<p class=\"middle_p\" style=\"font-family: 'Source Sans Pro Semibold', sans-serif; font-size: 15pt; padding: 0px 300px 0px 300px; letter-spacing: 2px; line-height: 30px; margin-bottom: 0px;\">Presente em Portugal desde 2008, a Improve Veterinary Education apresenta uma oferta formativa variada que se divide fundamentalmente em tr\u00eas \u00e2mbitos: forma\u00e7\u00e3o p\u00f3s-graduada de dura\u00e7\u00e3o entre um a dois anos, cursos intensivos e de car\u00e1ter fundamentalmente pr\u00e1tico e forma\u00e7\u00e3o online atrav\u00e9s de videoconfer\u00eancia.<\/p>\n<p>&nbsp;<\/p>\n<p class=\"bottom_p\" style=\"font-family: 'Source Sans Pro Semibold', sans-serif; font-size: 15pt; padding: 0px 300px 70px 300px; letter-spacing: 2px; line-height: 30px; margin-bottom: 0px !important;\">Os cursos abrangem as mais variadas \u00e1reas dentro da medicina veterin\u00e1ria e acompanham os temas mais prementes do dia-a-dia de uma cl\u00ednica veterin\u00e1ria: desde a cirurgia em pequenos animais at\u00e9 \u00e0 gest\u00e3o de cl\u00ednicas para veterin\u00e1rios.<\/p>\n<\/div>\n\t\t<\/div><\/div><\/div><\/div><\/div><div id=\"pg-94-6\"  class=\"panel-grid panel-has-style\" ><div style=\"padding: 0px 0; \" data-overlay=\"true\" data-overlay-color=\"#000000\" class=\"panel-row-style panel-row-style-for-94-6\" ><div id=\"pgc-94-6-0\"  class=\"panel-grid-cell\" ><div id=\"panel-94-6-0-0\" class=\"so-panel widget widget_text panel-first-child panel-last-child\" data-index=\"6\" ><div style=\"text-align: center;\" data-title-color=\"#443f3f\" data-headings-color=\"#443f3f\" class=\"panel-widget-style panel-widget-style-for-94-6-0-0\" >\t\t\t<div class=\"textwidget\"><p class=\"button_p\" style=\"font-family: 'Source Sans Pro ExtraLight', sans-serif; font-size: 21pt; padding: 45px 300px 45px 300px; margin-bottom: 0px; letter-spacing: 3px; line-height: 30px;\"><span style=\"padding-right: 50px;\">Para saber mais clica aqui<\/span><a class=\"button_full\" href=\"http:\/\/www.improveinternational.com\/\" target=\"_blank\" rel=\"noopener\"><button class=\"button_cand_test\" type=\"button\">IMPROVE VETERINARY EDUCATION<\/button><\/a><\/p>\n<p class=\"button_small\"><a href=\"http:\/\/www.improveinternational.com\/\" target=\"_blank\" rel=\"noopener\"><button class=\"button_cand_test\" type=\"button\">IMPROVE VETERINARY EDUCATION<\/button><\/a><\/p>\n<\/div>\n\t\t<\/div><\/div><\/div><\/div><\/div><\/div>","protected":false},"excerpt":{"rendered":"<p>A Improve Veterinary Education \u00e9 a principal empresa mundial de forma\u00e7\u00e3o p\u00f3s graduada na \u00e1rea de medicina veterin\u00e1ria. A marca foi criada em 1998, no Reino Unido, por um grupo de veterin\u00e1rios interessados em apostar na \u00e1rea da forma\u00e7\u00e3o t\u00e9cnica. Atualmente a celebrar o seu 20\u00ba anivers\u00e1rio, a Improve Veterinary Education orgulha-se de estar presente [&hellip;]<\/p>\n","protected":false},"author":1,"featured_media":0,"parent":0,"menu_order":0,"comment_status":"closed","ping_status":"closed","template":"","meta":{"_monsterinsights_skip_tracking":false,"_monsterinsights_sitenote_active":false,"_monsterinsights_sitenote_note":"","_monsterinsights_sitenote_category":0,"footnotes":""},"_links":{"self":[{"href":"https:\/\/www.improveinternational.com\/ambassador\/wp-json\/wp\/v2\/pages\/94"}],"collection":[{"href":"https:\/\/www.improveinternational.com\/ambassador\/wp-json\/wp\/v2\/pages"}],"about":[{"href":"https:\/\/www.improveinternational.com\/ambassador\/wp-json\/wp\/v2\/types\/page"}],"author":[{"embeddable":true,"href":"https:\/\/www.improveinternational.com\/ambassador\/wp-json\/wp\/v2\/users\/1"}],"replies":[{"embeddable":true,"href":"https:\/\/www.improveinternational.com\/ambassador\/wp-json\/wp\/v2\/comments?post=94"}],"version-history":[{"count":100,"href":"https:\/\/www.improveinternational.com\/ambassador\/wp-json\/wp\/v2\/pages\/94\/revisions"}],"predecessor-version":[{"id":5885,"href":"https:\/\/www.improveinternational.com\/ambassador\/wp-json\/wp\/v2\/pages\/94\/revisions\/5885"}],"wp:attachment":[{"href":"https:\/\/www.improveinternational.com\/ambassador\/wp-json\/wp\/v2\/media?parent=94"}],"curies":[{"name":"wp","href":"https:\/\/api.w.org\/{rel}","templated":true}]}}